{"id":184,"date":"2022-09-05T10:25:28","date_gmt":"2022-09-05T08:25:28","guid":{"rendered":"https:\/\/www.saintetheresechalons.com\/?page_id=184"},"modified":"2026-01-17T15:32:12","modified_gmt":"2026-01-17T14:32:12","slug":"aumonerie","status":"publish","type":"page","link":"https:\/\/www.saintetheresechalons.com\/index.php\/catechisme\/aumonerie\/","title":{"rendered":"Aum\u00f4nerie"},"content":{"rendered":"\n<p><strong>Aum\u00f4nerie des coll\u00e9giens<\/strong><\/p>\n\n\n\n<p>L\u2019aum\u00f4nerie des coll\u00e9giens se r\u00e9unit le vendredi de 18h30 \u00e0 21h15 au coll\u00e8ge Notre Dame Perrier, 64 rue Grande \u00c9tape. Les parents sont invit\u00e9s \u00e0 participer \u00e0 2 rencontres dans l\u2019ann\u00e9e.<\/p>\n\n\n\n<p>Les soir\u00e9es comprennent des temps de jeux, d\u2019\u00e9changes, de formation, un temps de pri\u00e8re \u00e0 Notre Dame en Vaux et un d\u00eener partag\u00e9.<\/p>\n\n\n\n<p><\/p>\n\n\n\n<p>Contact : Nad\u00e8ge B. 06 86 63 35 22 \u2013 <a href=\"mailto:nadege.boone@chalons.catholique.fr\">nadege.boone@chalons.catholique.fr<\/a><\/p>\n\n\n\n<p><strong>Aum\u00f4nerie des lyc\u00e9ens<\/strong><\/p>\n\n\n\n<p>L\u2019aum\u00f4nerie des lyc\u00e9ens se r\u00e9unit le vendredi de 19h \u00e0 22h au 1 place Notre Dame. Les parents sont invit\u00e9s \u00e0 participer \u00e0 2 rencontres dans l\u2019ann\u00e9e.<\/p>\n\n\n\n<p>Les soir\u00e9es comprennent des temps de jeux, d\u2019\u00e9changes, de formation, un temps de pri\u00e8re \u00e0 Notre Dame en Vaux et un d\u00eener partag\u00e9.<\/p>\n\n\n\n<p><br><\/p>\n","protected":false},"excerpt":{"rendered":"<p>Aum\u00f4nerie des coll\u00e9giens L\u2019aum\u00f4nerie des coll\u00e9giens se r\u00e9unit le vendredi de 18h30 \u00e0 21h15 au coll\u00e8ge Notre Dame Perrier, 64 rue Grande \u00c9tape. Les parents sont invit\u00e9s \u00e0 participer \u00e0 &#8230; <span class=\"more\"><a class=\"more-link\" href=\"https:\/\/www.saintetheresechalons.com\/index.php\/catechisme\/aumonerie\/\">[Read more&#8230;]<\/a><\/span><\/p>\n","protected":false},"author":4,"featured_media":0,"parent":151,"menu_order":0,"comment_status":"closed","ping_status":"closed","template":"","meta":{"footnotes":""},"class_list":["entry","page","publish","author-markholds","post-184"],"yoast_head":"<!-- This site is optimized with the Yoast SEO plugin v27.4 - https:\/\/yoast.com\/product\/yoast-seo-wordpress\/ -->\n<title>Aum\u00f4nerie - Paroisse Sainte-Th\u00e9r\u00e8se<\/title>\n<meta name=\"robots\" content=\"index, follow, max-snippet:-1, max-image-preview:large, max-video-preview:-1\" \/>\n<link rel=\"canonical\" href=\"https:\/\/www.saintetheresechalons.com\/index.php\/catechisme\/aumonerie\/\" \/>\n<meta property=\"og:locale\" content=\"fr_FR\" \/>\n<meta property=\"og:type\" content=\"article\" \/>\n<meta property=\"og:title\" content=\"Aum\u00f4nerie - Paroisse Sainte-Th\u00e9r\u00e8se\" \/>\n<meta property=\"og:description\" content=\"Aum\u00f4nerie des coll\u00e9giens L\u2019aum\u00f4nerie des coll\u00e9giens se r\u00e9unit le vendredi de 18h30 \u00e0 21h15 au coll\u00e8ge Notre Dame Perrier, 64 rue Grande \u00c9tape. Les parents sont invit\u00e9s \u00e0 participer \u00e0 ... [Read more...]\" \/>\n<meta property=\"og:url\" content=\"https:\/\/www.saintetheresechalons.com\/index.php\/catechisme\/aumonerie\/\" \/>\n<meta property=\"og:site_name\" content=\"Paroisse Sainte-Th\u00e9r\u00e8se\" \/>\n<meta property=\"article:modified_time\" content=\"2026-01-17T14:32:12+00:00\" \/>\n<meta name=\"twitter:card\" content=\"summary_large_image\" \/>\n<meta name=\"twitter:label1\" content=\"Dur\u00e9e de lecture estim\u00e9e\" \/>\n\t<meta name=\"twitter:data1\" content=\"1 minute\" \/>\n<script type=\"application\/ld+json\" class=\"yoast-schema-graph\">{\"@context\":\"https:\\\/\\\/schema.org\",\"@graph\":[{\"@type\":\"WebPage\",\"@id\":\"https:\\\/\\\/www.saintetheresechalons.com\\\/index.php\\\/catechisme\\\/aumonerie\\\/\",\"url\":\"https:\\\/\\\/www.saintetheresechalons.com\\\/index.php\\\/catechisme\\\/aumonerie\\\/\",\"name\":\"Aum\u00f4nerie - Paroisse Sainte-Th\u00e9r\u00e8se\",\"isPartOf\":{\"@id\":\"https:\\\/\\\/www.saintetheresechalons.com\\\/#website\"},\"datePublished\":\"2022-09-05T08:25:28+00:00\",\"dateModified\":\"2026-01-17T14:32:12+00:00\",\"breadcrumb\":{\"@id\":\"https:\\\/\\\/www.saintetheresechalons.com\\\/index.php\\\/catechisme\\\/aumonerie\\\/#breadcrumb\"},\"inLanguage\":\"fr-FR\",\"potentialAction\":[{\"@type\":\"ReadAction\",\"target\":[\"https:\\\/\\\/www.saintetheresechalons.com\\\/index.php\\\/catechisme\\\/aumonerie\\\/\"]}]},{\"@type\":\"BreadcrumbList\",\"@id\":\"https:\\\/\\\/www.saintetheresechalons.com\\\/index.php\\\/catechisme\\\/aumonerie\\\/#breadcrumb\",\"itemListElement\":[{\"@type\":\"ListItem\",\"position\":1,\"name\":\"Accueil\",\"item\":\"https:\\\/\\\/www.saintetheresechalons.com\\\/\"},{\"@type\":\"ListItem\",\"position\":2,\"name\":\"Cat\u00e9chisme\",\"item\":\"https:\\\/\\\/www.saintetheresechalons.com\\\/index.php\\\/catechisme\\\/\"},{\"@type\":\"ListItem\",\"position\":3,\"name\":\"Aum\u00f4nerie\"}]},{\"@type\":\"WebSite\",\"@id\":\"https:\\\/\\\/www.saintetheresechalons.com\\\/#website\",\"url\":\"https:\\\/\\\/www.saintetheresechalons.com\\\/\",\"name\":\"Paroisse Sainte-Th\u00e9r\u00e8se\",\"description\":\"Eglise catholique \u00e0 Ch\u00e2lons-En-Champagne\",\"potentialAction\":[{\"@type\":\"SearchAction\",\"target\":{\"@type\":\"EntryPoint\",\"urlTemplate\":\"https:\\\/\\\/www.saintetheresechalons.com\\\/?s={search_term_string}\"},\"query-input\":{\"@type\":\"PropertyValueSpecification\",\"valueRequired\":true,\"valueName\":\"search_term_string\"}}],\"inLanguage\":\"fr-FR\"}]}<\/script>\n<!-- \/ Yoast SEO plugin. -->","yoast_head_json":{"title":"Aum\u00f4nerie - Paroisse Sainte-Th\u00e9r\u00e8se","robots":{"index":"index","follow":"follow","max-snippet":"max-snippet:-1","max-image-preview":"max-image-preview:large","max-video-preview":"max-video-preview:-1"},"canonical":"https:\/\/www.saintetheresechalons.com\/index.php\/catechisme\/aumonerie\/","og_locale":"fr_FR","og_type":"article","og_title":"Aum\u00f4nerie - Paroisse Sainte-Th\u00e9r\u00e8se","og_description":"Aum\u00f4nerie des coll\u00e9giens L\u2019aum\u00f4nerie des coll\u00e9giens se r\u00e9unit le vendredi de 18h30 \u00e0 21h15 au coll\u00e8ge Notre Dame Perrier, 64 rue Grande \u00c9tape. Les parents sont invit\u00e9s \u00e0 participer \u00e0 ... [Read more...]","og_url":"https:\/\/www.saintetheresechalons.com\/index.php\/catechisme\/aumonerie\/","og_site_name":"Paroisse Sainte-Th\u00e9r\u00e8se","article_modified_time":"2026-01-17T14:32:12+00:00","twitter_card":"summary_large_image","twitter_misc":{"Dur\u00e9e de lecture estim\u00e9e":"1 minute"},"schema":{"@context":"https:\/\/schema.org","@graph":[{"@type":"WebPage","@id":"https:\/\/www.saintetheresechalons.com\/index.php\/catechisme\/aumonerie\/","url":"https:\/\/www.saintetheresechalons.com\/index.php\/catechisme\/aumonerie\/","name":"Aum\u00f4nerie - Paroisse Sainte-Th\u00e9r\u00e8se","isPartOf":{"@id":"https:\/\/www.saintetheresechalons.com\/#website"},"datePublished":"2022-09-05T08:25:28+00:00","dateModified":"2026-01-17T14:32:12+00:00","breadcrumb":{"@id":"https:\/\/www.saintetheresechalons.com\/index.php\/catechisme\/aumonerie\/#breadcrumb"},"inLanguage":"fr-FR","potentialAction":[{"@type":"ReadAction","target":["https:\/\/www.saintetheresechalons.com\/index.php\/catechisme\/aumonerie\/"]}]},{"@type":"BreadcrumbList","@id":"https:\/\/www.saintetheresechalons.com\/index.php\/catechisme\/aumonerie\/#breadcrumb","itemListElement":[{"@type":"ListItem","position":1,"name":"Accueil","item":"https:\/\/www.saintetheresechalons.com\/"},{"@type":"ListItem","position":2,"name":"Cat\u00e9chisme","item":"https:\/\/www.saintetheresechalons.com\/index.php\/catechisme\/"},{"@type":"ListItem","position":3,"name":"Aum\u00f4nerie"}]},{"@type":"WebSite","@id":"https:\/\/www.saintetheresechalons.com\/#website","url":"https:\/\/www.saintetheresechalons.com\/","name":"Paroisse Sainte-Th\u00e9r\u00e8se","description":"Eglise catholique \u00e0 Ch\u00e2lons-En-Champagne","potentialAction":[{"@type":"SearchAction","target":{"@type":"EntryPoint","urlTemplate":"https:\/\/www.saintetheresechalons.com\/?s={search_term_string}"},"query-input":{"@type":"PropertyValueSpecification","valueRequired":true,"valueName":"search_term_string"}}],"inLanguage":"fr-FR"}]}},"_links":{"self":[{"href":"https:\/\/www.saintetheresechalons.com\/index.php\/wp-json\/wp\/v2\/pages\/184","targetHints":{"allow":["GET"]}}],"collection":[{"href":"https:\/\/www.saintetheresechalons.com\/index.php\/wp-json\/wp\/v2\/pages"}],"about":[{"href":"https:\/\/www.saintetheresechalons.com\/index.php\/wp-json\/wp\/v2\/types\/page"}],"author":[{"embeddable":true,"href":"https:\/\/www.saintetheresechalons.com\/index.php\/wp-json\/wp\/v2\/users\/4"}],"replies":[{"embeddable":true,"href":"https:\/\/www.saintetheresechalons.com\/index.php\/wp-json\/wp\/v2\/comments?post=184"}],"version-history":[{"count":4,"href":"https:\/\/www.saintetheresechalons.com\/index.php\/wp-json\/wp\/v2\/pages\/184\/revisions"}],"predecessor-version":[{"id":1247,"href":"https:\/\/www.saintetheresechalons.com\/index.php\/wp-json\/wp\/v2\/pages\/184\/revisions\/1247"}],"up":[{"embeddable":true,"href":"https:\/\/www.saintetheresechalons.com\/index.php\/wp-json\/wp\/v2\/pages\/151"}],"wp:attachment":[{"href":"https:\/\/www.saintetheresechalons.com\/index.php\/wp-json\/wp\/v2\/media?parent=184"}],"curies":[{"name":"wp","href":"https:\/\/api.w.org\/{rel}","templated":true}]}}