{"id":333,"date":"2022-10-18T10:58:57","date_gmt":"2022-10-18T08:58:57","guid":{"rendered":"https:\/\/www.saintetheresechalons.com\/?page_id=333"},"modified":"2024-09-26T10:27:31","modified_gmt":"2024-09-26T08:27:31","slug":"adultes","status":"publish","type":"page","link":"https:\/\/www.saintetheresechalons.com\/index.php\/adultes\/","title":{"rendered":"Adultes"},"content":{"rendered":"\n<p>Il est possible de pr\u00e9parer le bapt\u00eame et de faire sa premi\u00e8re communion \u00e0 tout \u00e2ge, s\u2019adresser \u00e0 Don Geoffroy (06 19 04 32 09) ou \u00e0 la paroisse (voir page contact).<\/p>\n\n\n\n<p><\/p>\n","protected":false},"excerpt":{"rendered":"<p>Il est possible de pr\u00e9parer le bapt\u00eame et de faire sa premi\u00e8re communion \u00e0 tout \u00e2ge, s\u2019adresser \u00e0 Don Geoffroy (06 19 04 32 09) ou \u00e0 la paroisse (voir &#8230; <span class=\"more\"><a class=\"more-link\" href=\"https:\/\/www.saintetheresechalons.com\/index.php\/adultes\/\">[Read more&#8230;]<\/a><\/span><\/p>\n","protected":false},"author":4,"featured_media":0,"parent":0,"menu_order":0,"comment_status":"closed","ping_status":"closed","template":"","meta":{"footnotes":""},"class_list":["entry","page","publish","author-markholds","post-333"],"yoast_head":"<!-- This site is optimized with the Yoast SEO plugin v27.4 - https:\/\/yoast.com\/product\/yoast-seo-wordpress\/ -->\n<title>Adultes - Paroisse Sainte-Th\u00e9r\u00e8se<\/title>\n<meta name=\"robots\" content=\"index, follow, max-snippet:-1, max-image-preview:large, max-video-preview:-1\" \/>\n<link rel=\"canonical\" href=\"https:\/\/www.saintetheresechalons.com\/index.php\/adultes\/\" \/>\n<meta property=\"og:locale\" content=\"fr_FR\" \/>\n<meta property=\"og:type\" content=\"article\" \/>\n<meta property=\"og:title\" content=\"Adultes - Paroisse Sainte-Th\u00e9r\u00e8se\" \/>\n<meta property=\"og:description\" content=\"Il est possible de pr\u00e9parer le bapt\u00eame et de faire sa premi\u00e8re communion \u00e0 tout \u00e2ge, s\u2019adresser \u00e0 Don Geoffroy (06 19 04 32 09) ou \u00e0 la paroisse (voir ... [Read more...]\" \/>\n<meta property=\"og:url\" content=\"https:\/\/www.saintetheresechalons.com\/index.php\/adultes\/\" \/>\n<meta property=\"og:site_name\" content=\"Paroisse Sainte-Th\u00e9r\u00e8se\" \/>\n<meta property=\"article:modified_time\" content=\"2024-09-26T08:27:31+00:00\" \/>\n<meta name=\"twitter:card\" content=\"summary_large_image\" \/>\n<meta name=\"twitter:label1\" content=\"Dur\u00e9e de lecture estim\u00e9e\" \/>\n\t<meta name=\"twitter:data1\" content=\"1 minute\" \/>\n<script type=\"application\/ld+json\" class=\"yoast-schema-graph\">{\"@context\":\"https:\\\/\\\/schema.org\",\"@graph\":[{\"@type\":\"WebPage\",\"@id\":\"https:\\\/\\\/www.saintetheresechalons.com\\\/index.php\\\/adultes\\\/\",\"url\":\"https:\\\/\\\/www.saintetheresechalons.com\\\/index.php\\\/adultes\\\/\",\"name\":\"Adultes - Paroisse Sainte-Th\u00e9r\u00e8se\",\"isPartOf\":{\"@id\":\"https:\\\/\\\/www.saintetheresechalons.com\\\/#website\"},\"datePublished\":\"2022-10-18T08:58:57+00:00\",\"dateModified\":\"2024-09-26T08:27:31+00:00\",\"breadcrumb\":{\"@id\":\"https:\\\/\\\/www.saintetheresechalons.com\\\/index.php\\\/adultes\\\/#breadcrumb\"},\"inLanguage\":\"fr-FR\",\"potentialAction\":[{\"@type\":\"ReadAction\",\"target\":[\"https:\\\/\\\/www.saintetheresechalons.com\\\/index.php\\\/adultes\\\/\"]}]},{\"@type\":\"BreadcrumbList\",\"@id\":\"https:\\\/\\\/www.saintetheresechalons.com\\\/index.php\\\/adultes\\\/#breadcrumb\",\"itemListElement\":[{\"@type\":\"ListItem\",\"position\":1,\"name\":\"Accueil\",\"item\":\"https:\\\/\\\/www.saintetheresechalons.com\\\/\"},{\"@type\":\"ListItem\",\"position\":2,\"name\":\"Adultes\"}]},{\"@type\":\"WebSite\",\"@id\":\"https:\\\/\\\/www.saintetheresechalons.com\\\/#website\",\"url\":\"https:\\\/\\\/www.saintetheresechalons.com\\\/\",\"name\":\"Paroisse Sainte-Th\u00e9r\u00e8se\",\"description\":\"Eglise catholique \u00e0 Ch\u00e2lons-En-Champagne\",\"potentialAction\":[{\"@type\":\"SearchAction\",\"target\":{\"@type\":\"EntryPoint\",\"urlTemplate\":\"https:\\\/\\\/www.saintetheresechalons.com\\\/?s={search_term_string}\"},\"query-input\":{\"@type\":\"PropertyValueSpecification\",\"valueRequired\":true,\"valueName\":\"search_term_string\"}}],\"inLanguage\":\"fr-FR\"}]}<\/script>\n<!-- \/ Yoast SEO plugin. -->","yoast_head_json":{"title":"Adultes - Paroisse Sainte-Th\u00e9r\u00e8se","robots":{"index":"index","follow":"follow","max-snippet":"max-snippet:-1","max-image-preview":"max-image-preview:large","max-video-preview":"max-video-preview:-1"},"canonical":"https:\/\/www.saintetheresechalons.com\/index.php\/adultes\/","og_locale":"fr_FR","og_type":"article","og_title":"Adultes - Paroisse Sainte-Th\u00e9r\u00e8se","og_description":"Il est possible de pr\u00e9parer le bapt\u00eame et de faire sa premi\u00e8re communion \u00e0 tout \u00e2ge, s\u2019adresser \u00e0 Don Geoffroy (06 19 04 32 09) ou \u00e0 la paroisse (voir ... [Read more...]","og_url":"https:\/\/www.saintetheresechalons.com\/index.php\/adultes\/","og_site_name":"Paroisse Sainte-Th\u00e9r\u00e8se","article_modified_time":"2024-09-26T08:27:31+00:00","twitter_card":"summary_large_image","twitter_misc":{"Dur\u00e9e de lecture estim\u00e9e":"1 minute"},"schema":{"@context":"https:\/\/schema.org","@graph":[{"@type":"WebPage","@id":"https:\/\/www.saintetheresechalons.com\/index.php\/adultes\/","url":"https:\/\/www.saintetheresechalons.com\/index.php\/adultes\/","name":"Adultes - Paroisse Sainte-Th\u00e9r\u00e8se","isPartOf":{"@id":"https:\/\/www.saintetheresechalons.com\/#website"},"datePublished":"2022-10-18T08:58:57+00:00","dateModified":"2024-09-26T08:27:31+00:00","breadcrumb":{"@id":"https:\/\/www.saintetheresechalons.com\/index.php\/adultes\/#breadcrumb"},"inLanguage":"fr-FR","potentialAction":[{"@type":"ReadAction","target":["https:\/\/www.saintetheresechalons.com\/index.php\/adultes\/"]}]},{"@type":"BreadcrumbList","@id":"https:\/\/www.saintetheresechalons.com\/index.php\/adultes\/#breadcrumb","itemListElement":[{"@type":"ListItem","position":1,"name":"Accueil","item":"https:\/\/www.saintetheresechalons.com\/"},{"@type":"ListItem","position":2,"name":"Adultes"}]},{"@type":"WebSite","@id":"https:\/\/www.saintetheresechalons.com\/#website","url":"https:\/\/www.saintetheresechalons.com\/","name":"Paroisse Sainte-Th\u00e9r\u00e8se","description":"Eglise catholique \u00e0 Ch\u00e2lons-En-Champagne","potentialAction":[{"@type":"SearchAction","target":{"@type":"EntryPoint","urlTemplate":"https:\/\/www.saintetheresechalons.com\/?s={search_term_string}"},"query-input":{"@type":"PropertyValueSpecification","valueRequired":true,"valueName":"search_term_string"}}],"inLanguage":"fr-FR"}]}},"_links":{"self":[{"href":"https:\/\/www.saintetheresechalons.com\/index.php\/wp-json\/wp\/v2\/pages\/333","targetHints":{"allow":["GET"]}}],"collection":[{"href":"https:\/\/www.saintetheresechalons.com\/index.php\/wp-json\/wp\/v2\/pages"}],"about":[{"href":"https:\/\/www.saintetheresechalons.com\/index.php\/wp-json\/wp\/v2\/types\/page"}],"author":[{"embeddable":true,"href":"https:\/\/www.saintetheresechalons.com\/index.php\/wp-json\/wp\/v2\/users\/4"}],"replies":[{"embeddable":true,"href":"https:\/\/www.saintetheresechalons.com\/index.php\/wp-json\/wp\/v2\/comments?post=333"}],"version-history":[{"count":2,"href":"https:\/\/www.saintetheresechalons.com\/index.php\/wp-json\/wp\/v2\/pages\/333\/revisions"}],"predecessor-version":[{"id":943,"href":"https:\/\/www.saintetheresechalons.com\/index.php\/wp-json\/wp\/v2\/pages\/333\/revisions\/943"}],"wp:attachment":[{"href":"https:\/\/www.saintetheresechalons.com\/index.php\/wp-json\/wp\/v2\/media?parent=333"}],"curies":[{"name":"wp","href":"https:\/\/api.w.org\/{rel}","templated":true}]}}